{"id":1977,"date":"2025-01-14T09:23:57","date_gmt":"2025-01-14T08:23:57","guid":{"rendered":"https:\/\/trustable.fr\/?page_id=1977"},"modified":"2025-01-30T19:32:47","modified_gmt":"2025-01-30T18:32:47","slug":"mentions-legales","status":"publish","type":"page","link":"https:\/\/trustable.fr\/en\/mentions-legales\/","title":{"rendered":"Legal Notices"},"content":{"rendered":"<p><span data-contrast=\"auto\">Les informations recueillies sur le formulaire de contact sont enregistr\u00e9es dans un fichier informatis\u00e9 par Trustable pour vous adresser des prospections commerciales, des newsletters, ou encore des invitations \u00e0 des \u00e9v\u00e9nements en pr\u00e9sentiel et en ligne. La base l\u00e9gale du traitement est l&rsquo;int\u00e9r\u00eat l\u00e9gitime et le consentement.<\/span><span data-ccp-props=\"{&quot;201341983&quot;:0,&quot;335559739&quot;:0,&quot;335559740&quot;:240}\">\u00a0<\/span><\/p>\n<p>&nbsp;<\/p>\n<p><span data-contrast=\"auto\">Les donn\u00e9es collect\u00e9es ne sont pas communiqu\u00e9es \u00e0 des tiers.<\/span><span data-ccp-props=\"{&quot;201341983&quot;:0,&quot;335559739&quot;:0,&quot;335559740&quot;:240}\">\u00a0<\/span><\/p>\n<p><span data-ccp-props=\"{&quot;201341983&quot;:0,&quot;335559739&quot;:0,&quot;335559740&quot;:240}\">\u00a0<\/span><\/p>\n<p><span data-contrast=\"auto\">Les donn\u00e9es sont conserv\u00e9es pendant la relation commerciale, puis pour une dur\u00e9e de trois (03) ans \u00e0 compter de la fin de la relation commerciale.<\/span><span data-ccp-props=\"{&quot;201341983&quot;:0,&quot;335559739&quot;:0,&quot;335559740&quot;:240}\">\u00a0<\/span><\/p>\n<p><span data-ccp-props=\"{&quot;201341983&quot;:0,&quot;335559739&quot;:0,&quot;335559740&quot;:240}\">\u00a0<\/span><\/p>\n<p><span data-contrast=\"auto\">Vous pouvez acc\u00e9der aux donn\u00e9es vous concernant, les rectifier, demander leur effacement ou exercer votre droit \u00e0 la limitation du traitement de vos donn\u00e9es. Vous pouvez \u00e9galement vous opposer au traitement de vos donn\u00e9es ; vous pouvez retirer \u00e0 tout moment votre consentement au traitement de vos donn\u00e9es.<\/span><span data-ccp-props=\"{&quot;201341983&quot;:0,&quot;335559739&quot;:0,&quot;335559740&quot;:240}\">\u00a0<\/span><\/p>\n<p><span data-ccp-props=\"{&quot;201341983&quot;:0,&quot;335559739&quot;:0,&quot;335559740&quot;:240}\">\u00a0<\/span><\/p>\n<p><span data-contrast=\"auto\">Consultez le site <\/span><a href=\"https:\/\/cnil.fr\/fr\"><b><span data-contrast=\"none\">cnil.fr<\/span><\/b><\/a><span data-contrast=\"auto\"> pour plus d\u2019informations sur vos droits.<\/span><span data-ccp-props=\"{&quot;201341983&quot;:0,&quot;335559739&quot;:0,&quot;335559740&quot;:240}\">\u00a0<\/span><\/p>\n<p><span data-ccp-props=\"{&quot;201341983&quot;:0,&quot;335559739&quot;:0,&quot;335559740&quot;:240}\">\u00a0<\/span><\/p>\n<p><span data-contrast=\"auto\">Pour exercer ces droits ou pour toute question sur le traitement de vos donn\u00e9es dans ce dispositif, vous pouvez \u00e9crire \u00e0 l\u2019adresse : dpo[arobase]trustable.fr ou nous adresser un courrier postal au 10 rue de la Paix 75002 Paris.<\/span><span data-ccp-props=\"{&quot;201341983&quot;:0,&quot;335559739&quot;:0,&quot;335559740&quot;:240}\">\u00a0<\/span><\/p>\n<p><span data-ccp-props=\"{&quot;201341983&quot;:0,&quot;335559739&quot;:0,&quot;335559740&quot;:240}\">\u00a0<\/span><\/p>\n<p><span data-contrast=\"auto\">Si vous estimez, apr\u00e8s nous avoir contact\u00e9s, que vos droits \u00ab Informatique et Libert\u00e9s \u00bb ne sont pas respect\u00e9s, vous pouvez adresser une r\u00e9clamation \u00e0 la CNIL.<\/span><\/p>\n<p>&nbsp;<\/p>\n<p>&nbsp;<\/p>\n<h3><strong>Cr\u00e9dits images<\/strong><\/h3>\n<p>Ce site utilise des images et photos qui proviennent de diff\u00e9rentes sources respectant les droits d&rsquo;auteur. Certaines images sont issues des banques d&rsquo;images gratuites <a href=\"https:\/\/unsplash.com\/\"><strong>Unsplash<\/strong><\/a> et <a href=\"https:\/\/fr.freepik.com\/\"><strong>Freepik<\/strong><\/a>. Ces plateformes mettent \u00e0 disposition des visuels libres de droits ou sous licence sp\u00e9cifique.<\/p>\n<p>Nous remercions les contributeurs de ces plateformes pour la qualit\u00e9 et la richesse des images propos\u00e9es, qui participent \u00e0 la mise en valeur de notre site.<\/p>\n<p><span data-ccp-props=\"{&quot;201341983&quot;:0,&quot;335559739&quot;:0,&quot;335559740&quot;:240}\">\u00a0<\/span><\/p>\n","protected":false},"excerpt":{"rendered":"<p>Les informations recueillies sur le formulaire de contact sont enregistr\u00e9es dans un fichier informatis\u00e9 par Trustable pour vous adresser des prospections commerciales, des newsletters, ou encore des invitations \u00e0 des \u00e9v\u00e9nements en pr\u00e9sentiel et en ligne. La base l\u00e9gale du traitement est l&rsquo;int\u00e9r\u00eat l\u00e9gitime et le consentement.\u00a0 &nbsp; Les donn\u00e9es collect\u00e9es ne sont pas communiqu\u00e9es [&hellip;]<\/p>\n","protected":false},"author":1,"featured_media":0,"parent":0,"menu_order":0,"comment_status":"closed","ping_status":"closed","template":"","meta":{"_acf_changed":false,"content-type":"","footnotes":""},"class_list":["post-1977","page","type-page","status-publish","hentry"],"acf":[],"yoast_head":"<!-- This site is optimized with the Yoast SEO plugin v27.3 - https:\/\/yoast.com\/product\/yoast-seo-wordpress\/ -->\n<title>Mentions l\u00e9gales - Trustable<\/title>\n<meta name=\"robots\" content=\"noindex, follow\" \/>\n<meta property=\"og:locale\" content=\"en_GB\" \/>\n<meta property=\"og:type\" content=\"article\" \/>\n<meta property=\"og:title\" content=\"Mentions l\u00e9gales - Trustable\" \/>\n<meta property=\"og:description\" content=\"Les informations recueillies sur le formulaire de contact sont enregistr\u00e9es dans un fichier informatis\u00e9 par Trustable pour vous adresser des prospections commerciales, des newsletters, ou encore des invitations \u00e0 des \u00e9v\u00e9nements en pr\u00e9sentiel et en ligne. La base l\u00e9gale du traitement est l&rsquo;int\u00e9r\u00eat l\u00e9gitime et le consentement.\u00a0 &nbsp; Les donn\u00e9es collect\u00e9es ne sont pas communiqu\u00e9es [&hellip;]\" \/>\n<meta property=\"og:url\" content=\"https:\/\/trustable.fr\/en\/mentions-legales\/\" \/>\n<meta property=\"og:site_name\" content=\"Trustable\" \/>\n<meta property=\"article:modified_time\" content=\"2025-01-30T18:32:47+00:00\" \/>\n<meta property=\"og:image\" content=\"https:\/\/trustable.fr\/wp-content\/uploads\/2024\/12\/favicon.png\" \/>\n\t<meta property=\"og:image:width\" content=\"512\" \/>\n\t<meta property=\"og:image:height\" content=\"512\" \/>\n\t<meta property=\"og:image:type\" content=\"image\/png\" \/>\n<meta name=\"twitter:card\" content=\"summary_large_image\" \/>\n<meta name=\"twitter:label1\" content=\"Estimated reading time\" \/>\n\t<meta name=\"twitter:data1\" content=\"2 minutes\" \/>\n<script type=\"application\/ld+json\" class=\"yoast-schema-graph\">{\"@context\":\"https:\\\/\\\/schema.org\",\"@graph\":[{\"@type\":\"WebPage\",\"@id\":\"https:\\\/\\\/trustable.fr\\\/en\\\/mentions-legales\\\/\",\"url\":\"https:\\\/\\\/trustable.fr\\\/en\\\/mentions-legales\\\/\",\"name\":\"Mentions l\u00e9gales - Trustable\",\"isPartOf\":{\"@id\":\"https:\\\/\\\/trustable.fr\\\/#website\"},\"datePublished\":\"2025-01-14T08:23:57+00:00\",\"dateModified\":\"2025-01-30T18:32:47+00:00\",\"breadcrumb\":{\"@id\":\"https:\\\/\\\/trustable.fr\\\/en\\\/mentions-legales\\\/#breadcrumb\"},\"inLanguage\":\"en-GB\",\"potentialAction\":[{\"@type\":\"ReadAction\",\"target\":[\"https:\\\/\\\/trustable.fr\\\/en\\\/mentions-legales\\\/\"]}]},{\"@type\":\"BreadcrumbList\",\"@id\":\"https:\\\/\\\/trustable.fr\\\/en\\\/mentions-legales\\\/#breadcrumb\",\"itemListElement\":[{\"@type\":\"ListItem\",\"position\":1,\"name\":\"Accueil\",\"item\":\"https:\\\/\\\/trustable.fr\\\/\"},{\"@type\":\"ListItem\",\"position\":2,\"name\":\"Mentions l\u00e9gales\"}]},{\"@type\":\"WebSite\",\"@id\":\"https:\\\/\\\/trustable.fr\\\/#website\",\"url\":\"https:\\\/\\\/trustable.fr\\\/\",\"name\":\"Trustable\",\"description\":\"Ma\u00eetrisez vos Risques Cyber et Conformit\u00e9 SWIFT\",\"publisher\":{\"@id\":\"https:\\\/\\\/trustable.fr\\\/#organization\"},\"alternateName\":\"Trustable\",\"potentialAction\":[{\"@type\":\"SearchAction\",\"target\":{\"@type\":\"EntryPoint\",\"urlTemplate\":\"https:\\\/\\\/trustable.fr\\\/?s={search_term_string}\"},\"query-input\":{\"@type\":\"PropertyValueSpecification\",\"valueRequired\":true,\"valueName\":\"search_term_string\"}}],\"inLanguage\":\"en-GB\"},{\"@type\":\"Organization\",\"@id\":\"https:\\\/\\\/trustable.fr\\\/#organization\",\"name\":\"Trustable\",\"alternateName\":\"Trustable\",\"url\":\"https:\\\/\\\/trustable.fr\\\/\",\"logo\":{\"@type\":\"ImageObject\",\"inLanguage\":\"en-GB\",\"@id\":\"https:\\\/\\\/trustable.fr\\\/#\\\/schema\\\/logo\\\/image\\\/\",\"url\":\"https:\\\/\\\/trustable.fr\\\/wp-content\\\/uploads\\\/2024\\\/12\\\/logo-trustable.png\",\"contentUrl\":\"https:\\\/\\\/trustable.fr\\\/wp-content\\\/uploads\\\/2024\\\/12\\\/logo-trustable.png\",\"width\":340,\"height\":100,\"caption\":\"Trustable\"},\"image\":{\"@id\":\"https:\\\/\\\/trustable.fr\\\/#\\\/schema\\\/logo\\\/image\\\/\"},\"sameAs\":[\"https:\\\/\\\/www.linkedin.com\\\/company\\\/trustable-cyber-expedition\\\/\"]}]}<\/script>\n<!-- \/ Yoast SEO plugin. -->","yoast_head_json":{"title":"Mentions l\u00e9gales - Trustable","robots":{"index":"noindex","follow":"follow"},"og_locale":"en_GB","og_type":"article","og_title":"Mentions l\u00e9gales - Trustable","og_description":"Les informations recueillies sur le formulaire de contact sont enregistr\u00e9es dans un fichier informatis\u00e9 par Trustable pour vous adresser des prospections commerciales, des newsletters, ou encore des invitations \u00e0 des \u00e9v\u00e9nements en pr\u00e9sentiel et en ligne. La base l\u00e9gale du traitement est l&rsquo;int\u00e9r\u00eat l\u00e9gitime et le consentement.\u00a0 &nbsp; Les donn\u00e9es collect\u00e9es ne sont pas communiqu\u00e9es [&hellip;]","og_url":"https:\/\/trustable.fr\/en\/mentions-legales\/","og_site_name":"Trustable","article_modified_time":"2025-01-30T18:32:47+00:00","og_image":[{"width":512,"height":512,"url":"https:\/\/trustable.fr\/wp-content\/uploads\/2024\/12\/favicon.png","type":"image\/png"}],"twitter_card":"summary_large_image","twitter_misc":{"Estimated reading time":"2 minutes"},"schema":{"@context":"https:\/\/schema.org","@graph":[{"@type":"WebPage","@id":"https:\/\/trustable.fr\/en\/mentions-legales\/","url":"https:\/\/trustable.fr\/en\/mentions-legales\/","name":"Mentions l\u00e9gales - Trustable","isPartOf":{"@id":"https:\/\/trustable.fr\/#website"},"datePublished":"2025-01-14T08:23:57+00:00","dateModified":"2025-01-30T18:32:47+00:00","breadcrumb":{"@id":"https:\/\/trustable.fr\/en\/mentions-legales\/#breadcrumb"},"inLanguage":"en-GB","potentialAction":[{"@type":"ReadAction","target":["https:\/\/trustable.fr\/en\/mentions-legales\/"]}]},{"@type":"BreadcrumbList","@id":"https:\/\/trustable.fr\/en\/mentions-legales\/#breadcrumb","itemListElement":[{"@type":"ListItem","position":1,"name":"Accueil","item":"https:\/\/trustable.fr\/"},{"@type":"ListItem","position":2,"name":"Mentions l\u00e9gales"}]},{"@type":"WebSite","@id":"https:\/\/trustable.fr\/#website","url":"https:\/\/trustable.fr\/","name":"Trustable","description":"Ma\u00eetrisez vos Risques Cyber et Conformit\u00e9 SWIFT","publisher":{"@id":"https:\/\/trustable.fr\/#organization"},"alternateName":"Trustable","potentialAction":[{"@type":"SearchAction","target":{"@type":"EntryPoint","urlTemplate":"https:\/\/trustable.fr\/?s={search_term_string}"},"query-input":{"@type":"PropertyValueSpecification","valueRequired":true,"valueName":"search_term_string"}}],"inLanguage":"en-GB"},{"@type":"Organization","@id":"https:\/\/trustable.fr\/#organization","name":"Trustable","alternateName":"Trustable","url":"https:\/\/trustable.fr\/","logo":{"@type":"ImageObject","inLanguage":"en-GB","@id":"https:\/\/trustable.fr\/#\/schema\/logo\/image\/","url":"https:\/\/trustable.fr\/wp-content\/uploads\/2024\/12\/logo-trustable.png","contentUrl":"https:\/\/trustable.fr\/wp-content\/uploads\/2024\/12\/logo-trustable.png","width":340,"height":100,"caption":"Trustable"},"image":{"@id":"https:\/\/trustable.fr\/#\/schema\/logo\/image\/"},"sameAs":["https:\/\/www.linkedin.com\/company\/trustable-cyber-expedition\/"]}]}},"_links":{"self":[{"href":"https:\/\/trustable.fr\/en\/wp-json\/wp\/v2\/pages\/1977","targetHints":{"allow":["GET"]}}],"collection":[{"href":"https:\/\/trustable.fr\/en\/wp-json\/wp\/v2\/pages"}],"about":[{"href":"https:\/\/trustable.fr\/en\/wp-json\/wp\/v2\/types\/page"}],"author":[{"embeddable":true,"href":"https:\/\/trustable.fr\/en\/wp-json\/wp\/v2\/users\/1"}],"replies":[{"embeddable":true,"href":"https:\/\/trustable.fr\/en\/wp-json\/wp\/v2\/comments?post=1977"}],"version-history":[{"count":5,"href":"https:\/\/trustable.fr\/en\/wp-json\/wp\/v2\/pages\/1977\/revisions"}],"predecessor-version":[{"id":2094,"href":"https:\/\/trustable.fr\/en\/wp-json\/wp\/v2\/pages\/1977\/revisions\/2094"}],"wp:attachment":[{"href":"https:\/\/trustable.fr\/en\/wp-json\/wp\/v2\/media?parent=1977"}],"curies":[{"name":"wp","href":"https:\/\/api.w.org\/{rel}","templated":true}]}}