{"id":1202,"date":"2024-12-16T14:56:28","date_gmt":"2024-12-16T13:56:28","guid":{"rendered":"https:\/\/trustable.fr\/?page_id=1202"},"modified":"2026-04-09T11:30:17","modified_gmt":"2026-04-09T10:30:17","slug":"contact-trustable-solutions-cyber","status":"publish","type":"page","link":"https:\/\/trustable.fr\/en\/contact-trustable-solutions-cyber\/","title":{"rendered":"Contact-nous pour am\u00e9liorer votre s\u00e9curit\u00e9 cyber"},"content":{"rendered":"\t\t<div data-elementor-type=\"wp-page\" data-elementor-id=\"1202\" class=\"elementor elementor-1202\" data-elementor-post-type=\"page\">\n\t\t\t\t<div class=\"elementor-element elementor-element-b597911 e-con-full e-flex e-con e-parent\" data-id=\"b597911\" data-element_type=\"container\" data-e-type=\"container\">\n\t\t<div class=\"elementor-element elementor-element-2070e10 e-con-full e-flex e-con e-child\" data-id=\"2070e10\" data-element_type=\"container\" data-e-type=\"container\" data-settings=\"{&quot;background_background&quot;:&quot;classic&quot;}\">\n\t\t<div class=\"elementor-element elementor-element-0904ab8 e-con-full e-flex e-con e-child\" data-id=\"0904ab8\" data-element_type=\"container\" data-e-type=\"container\" data-settings=\"{&quot;sticky&quot;:&quot;top&quot;,&quot;sticky_on&quot;:[&quot;desktop&quot;,&quot;tablet_extra&quot;,&quot;tablet&quot;],&quot;sticky_parent&quot;:&quot;yes&quot;,&quot;sticky_offset&quot;:0,&quot;sticky_effects_offset&quot;:0,&quot;sticky_anchor_link_offset&quot;:0}\">\n\t\t<div class=\"elementor-element elementor-element-1e8151b e-con-full e-flex e-con e-child\" data-id=\"1e8151b\" data-element_type=\"container\" data-e-type=\"container\">\n\t\t\t\t<div class=\"elementor-element elementor-element-468258a elementor-widget elementor-widget-image\" data-id=\"468258a\" data-element_type=\"widget\" data-e-type=\"widget\" data-widget_type=\"image.default\">\n\t\t\t\t<div class=\"elementor-widget-container\">\n\t\t\t\t\t\t\t\t\t\t\t\t\t\t\t<img decoding=\"async\" width=\"136\" height=\"140\" src=\"https:\/\/trustable.fr\/wp-content\/uploads\/2024\/12\/embleme-trustable-orange-g.png\" class=\"attachment-large size-large wp-image-769\" alt=\"\" \/>\t\t\t\t\t\t\t\t\t\t\t\t\t\t\t<\/div>\n\t\t\t\t<\/div>\n\t\t\t\t<\/div>\n\t\t<div class=\"elementor-element elementor-element-6632827 e-con-full e-flex e-con e-child\" data-id=\"6632827\" data-element_type=\"container\" data-e-type=\"container\">\n\t\t\t\t<div class=\"elementor-element elementor-element-a8aff31 elementor-widget elementor-widget-heading\" data-id=\"a8aff31\" data-element_type=\"widget\" data-e-type=\"widget\" data-widget_type=\"heading.default\">\n\t\t\t\t<div class=\"elementor-widget-container\">\n\t\t\t\t\t<h1 class=\"elementor-heading-title elementor-size-default\">Contact<\/h1>\t\t\t\t<\/div>\n\t\t\t\t<\/div>\n\t\t\t\t<div class=\"elementor-element elementor-element-9e31f4a elementor-widget elementor-widget-text-editor\" data-id=\"9e31f4a\" data-element_type=\"widget\" data-e-type=\"widget\" data-widget_type=\"text-editor.default\">\n\t\t\t\t<div class=\"elementor-widget-container\">\n\t\t\t\t\t\t\t\t\t<p>Besoin d\u2019un renseignement ? Envie de discuter de la possibilit\u00e9 d\u2019une collaboration avec Trustable\u202f?<\/p>\t\t\t\t\t\t\t\t<\/div>\n\t\t\t\t<\/div>\n\t\t<div class=\"elementor-element elementor-element-4681bd9 e-con-full e-flex e-con e-child\" data-id=\"4681bd9\" data-element_type=\"container\" data-e-type=\"container\">\n\t\t\t\t<div class=\"elementor-element elementor-element-9f6da65 elementor-icon-list--layout-traditional elementor-list-item-link-full_width elementor-widget elementor-widget-icon-list\" data-id=\"9f6da65\" data-element_type=\"widget\" data-e-type=\"widget\" data-widget_type=\"icon-list.default\">\n\t\t\t\t<div class=\"elementor-widget-container\">\n\t\t\t\t\t\t\t<ul class=\"elementor-icon-list-items\">\n\t\t\t\t\t\t\t<li class=\"elementor-icon-list-item\">\n\t\t\t\t\t\t\t\t\t\t\t<span class=\"elementor-icon-list-icon\">\n\t\t\t\t\t\t\t<svg xmlns=\"http:\/\/www.w3.org\/2000\/svg\" id=\"Calque_1\" data-name=\"Calque 1\" width=\"31.03\" height=\"25.28\" viewBox=\"0 0 31.03 25.28\"><path d=\"M1.38,6.85,1.65,7a3,3,0,0,0,.67.34l8,2.83,2.19-.85L2.81,5.92a1.5,1.5,0,0,1-.34-.16L2.2,5.58a1.63,1.63,0,0,1-.71-1.36V3.12A1.58,1.58,0,0,1,3,1.51H28a1.57,1.57,0,0,1,1.53,1.61V4.24a1.63,1.63,0,0,1-.73,1.37l-.24.16a1.57,1.57,0,0,1-.32.15L13.64,11.37h0a4.32,4.32,0,0,0-2.26,3.84,4.24,4.24,0,0,0,4.15,4.32,4.23,4.23,0,0,0,4.15-4.32,4.35,4.35,0,0,0-.49-2l-1.4.56a2.81,2.81,0,0,1,.4,1.45A2.74,2.74,0,0,1,15.53,18a2.74,2.74,0,0,1-2.66-2.8,2.8,2.8,0,0,1,1.73-2.61L28.74,7.38a3.59,3.59,0,0,0,.62-.31l.24-.16A3.14,3.14,0,0,0,31,4.25V3.14A3.09,3.09,0,0,0,28,0H3A3.09,3.09,0,0,0,0,3.14v1.1A3.17,3.17,0,0,0,1.38,6.87Z\"><\/path><path d=\"M29.53,9.81v13a1.06,1.06,0,0,1-1.1,1H2.59a1.06,1.06,0,0,1-1.1-1V9.71L.15,9.19H0v13.6a2.55,2.55,0,0,0,2.59,2.49H28.43A2.55,2.55,0,0,0,31,22.79V9.23Z\"><\/path><\/svg>\t\t\t\t\t\t<\/span>\n\t\t\t\t\t\t\t\t\t\t<span class=\"elementor-icon-list-text\">Nous avons h\u00e2te d\u2019\u00e9changer avec vous !\u00a0<\/span>\n\t\t\t\t\t\t\t\t\t<\/li>\n\t\t\t\t\t\t<\/ul>\n\t\t\t\t\t\t<\/div>\n\t\t\t\t<\/div>\n\t\t\t\t<\/div>\n\t\t\t\t<div class=\"elementor-element elementor-element-7af64c6 elementor-widget elementor-widget-heading\" data-id=\"7af64c6\" data-element_type=\"widget\" data-e-type=\"widget\" data-widget_type=\"heading.default\">\n\t\t\t\t<div class=\"elementor-widget-container\">\n\t\t\t\t\t<h2 class=\"elementor-heading-title elementor-size-default\">La plateforme d\u00e9di\u00e9e \u00e0 la ma\u00eetrise de votre risque cyber<\/h2>\t\t\t\t<\/div>\n\t\t\t\t<\/div>\n\t\t\t\t<div class=\"elementor-element elementor-element-ba2c390 elementor-widget elementor-widget-text-editor\" data-id=\"ba2c390\" data-element_type=\"widget\" data-e-type=\"widget\" data-widget_type=\"text-editor.default\">\n\t\t\t\t<div class=\"elementor-widget-container\">\n\t\t\t\t\t\t\t\t\t<p>Notre mission\u202f: aider les organisations \u00e0 \u00e9valuer de la mani\u00e8re la plus fid\u00e8le \u00e0 la r\u00e9alit\u00e9, le niveau de cybers\u00e9curit\u00e9 de leur environnement digital pour un \u00e9cosyst\u00e8me num\u00e9rique durable.<\/p>\t\t\t\t\t\t\t\t<\/div>\n\t\t\t\t<\/div>\n\t\t\t\t<div class=\"elementor-element elementor-element-0b8f00b elementor-widget elementor-widget-button\" data-id=\"0b8f00b\" data-element_type=\"widget\" data-e-type=\"widget\" data-widget_type=\"button.default\">\n\t\t\t\t<div class=\"elementor-widget-container\">\n\t\t\t\t\t\t\t\t\t<div class=\"elementor-button-wrapper\">\n\t\t\t\t\t<a class=\"elementor-button elementor-button-link elementor-size-sm\" href=\"https:\/\/trustable.fr\/demande-demo-essai-gratuit\/\">\n\t\t\t\t\t\t<span class=\"elementor-button-content-wrapper\">\n\t\t\t\t\t\t<span class=\"elementor-button-icon\">\n\t\t\t\t<svg xmlns=\"http:\/\/www.w3.org\/2000\/svg\" id=\"Calque_1\" data-name=\"Calque 1\" width=\"25\" height=\"25\" viewBox=\"0 0 25 25\"><polygon points=\"16.07 0 16.07 10.71 25 5.36 16.07 0\"><\/polygon><path d=\"M23.21,10.71v7.15H1.79V3.57h8.92V1.79H1.79a1.78,1.78,0,0,0-1.27.52A1.8,1.8,0,0,0,0,3.57V17.86a1.8,1.8,0,0,0,.52,1.26,1.78,1.78,0,0,0,1.27.52H8.93v3.57H5.36V25H19.64V23.21H16.07V19.64h7.14a1.78,1.78,0,0,0,1.27-.52A1.8,1.8,0,0,0,25,17.86V10.71Zm-8.92,12.5H10.71V19.64h3.58Z\"><\/path><\/svg>\t\t\t<\/span>\n\t\t\t\t\t\t\t\t\t<span class=\"elementor-button-text\">Demander une d\u00e9mo<\/span>\n\t\t\t\t\t<\/span>\n\t\t\t\t\t<\/a>\n\t\t\t\t<\/div>\n\t\t\t\t\t\t\t\t<\/div>\n\t\t\t\t<\/div>\n\t\t\t\t<div class=\"elementor-element elementor-element-9aad817 elementor-widget elementor-widget-html\" data-id=\"9aad817\" data-element_type=\"widget\" data-e-type=\"widget\" data-widget_type=\"html.default\">\n\t\t\t\t<div class=\"elementor-widget-container\">\n\t\t\t\t\t<script>\n    document.addEventListener(\"DOMContentLoaded\", function() {\n        const currentUrl = window.location.href;\n\n        \/\/ S\u00e9lection des conteneurs\n        const formFr = document.querySelector('.form-fr');\n        const formEn = document.querySelector('.form-en');\n\n        \/\/ V\u00e9rifiez la pr\u00e9sence de '\/en\/' dans l'URL\n        if (currentUrl.includes('\/en\/')) {\n            \/\/ Affiche le formulaire en anglais, masque celui en fran\u00e7ais\n            if (formEn) formEn.style.display = \"block\";\n            if (formFr) formFr.style.display = \"none\";\n        } else {\n            \/\/ Affiche le formulaire en fran\u00e7ais, masque celui en anglais\n            if (formEn) formEn.style.display = \"none\";\n            if (formFr) formFr.style.display = \"block\";\n        }\n    });\n<\/script>\t\t\t\t<\/div>\n\t\t\t\t<\/div>\n\t\t\t\t<\/div>\n\t\t\t\t<\/div>\n\t\t\t\t<\/div>\n\t\t<div class=\"elementor-element elementor-element-98f25a1 e-con-full e-flex e-con e-child\" data-id=\"98f25a1\" data-element_type=\"container\" data-e-type=\"container\" data-settings=\"{&quot;background_background&quot;:&quot;classic&quot;}\">\n\t\t<div class=\"elementor-element elementor-element-e7b60bb e-con-full form-fr e-flex e-con e-child\" data-id=\"e7b60bb\" data-element_type=\"container\" data-e-type=\"container\">\n\t\t\t\t<div class=\"elementor-element elementor-element-c5e827d elementor-widget elementor-widget-html\" data-id=\"c5e827d\" data-element_type=\"widget\" data-e-type=\"widget\" data-widget_type=\"html.default\">\n\t\t\t\t<div class=\"elementor-widget-container\">\n\t\t\t\t\t<script charset=\"utf-8\" type=\"text\/javascript\" src=\"\/\/js-eu1.hsforms.net\/forms\/embed\/v2.js\"><\/script>\n<script>\n    document.addEventListener(\"DOMContentLoaded\", function () {\n        \/\/ V\u00e9rifie si le script HubSpot est charg\u00e9\n        if (typeof hbspt !== 'undefined') {\n            \/\/ Cr\u00e9e le formulaire HubSpot\n            hbspt.forms.create({\n                portalId: \"139708795\",\n                formId: \"0228cb4e-72f9-4ba0-8cc2-e051b5968366\"\n            });\n        } else {\n            console.error(\"HubSpot Forms script non charg\u00e9. Tentative de rechargement...\");\n            \/\/ Recharge le script dynamiquement si n\u00e9cessaire\n            const script = document.createElement('script');\n            script.src = \"\/\/js-eu1.hsforms.net\/forms\/embed\/v2.js\";\n            script.onload = function () {\n                hbspt.forms.create({\n                    portalId: \"139708795\",\n                    formId: \"0228cb4e-72f9-4ba0-8cc2-e051b5968366\"\n                });\n            };\n            document.body.appendChild(script);\n        }\n    });\n<\/script>\t\t\t\t<\/div>\n\t\t\t\t<\/div>\n\t\t\t\t<\/div>\n\t\t<div class=\"elementor-element elementor-element-7732f45 e-con-full form-en e-flex e-con e-child\" data-id=\"7732f45\" data-element_type=\"container\" data-e-type=\"container\">\n\t\t\t\t<div class=\"elementor-element elementor-element-2ca5340 elementor-widget elementor-widget-html\" data-id=\"2ca5340\" data-element_type=\"widget\" data-e-type=\"widget\" data-widget_type=\"html.default\">\n\t\t\t\t<div class=\"elementor-widget-container\">\n\t\t\t\t\t<script charset=\"utf-8\" type=\"text\/javascript\" src=\"\/\/js-eu1.hsforms.net\/forms\/embed\/v2.js\"><\/script>\n<script>\n    document.addEventListener(\"DOMContentLoaded\", function () {\n        \/\/ V\u00e9rifie si le script HubSpot est charg\u00e9\n        if (typeof hbspt !== 'undefined') {\n            \/\/ Cr\u00e9e le nouveau formulaire HubSpot\n            hbspt.forms.create({\n                portalId: \"139708795\",\n                formId: \"98618311-6875-4371-a67c-56fa77604e23\"\n            });\n        } else {\n            console.error(\"HubSpot Forms script non charg\u00e9. Tentative de rechargement...\");\n            \/\/ Recharge le script dynamiquement si n\u00e9cessaire\n            const script = document.createElement('script');\n            script.src = \"\/\/js-eu1.hsforms.net\/forms\/embed\/v2.js\";\n            script.onload = function () {\n                hbspt.forms.create({\n                    portalId: \"139708795\",\n                    formId: \"98618311-6875-4371-a67c-56fa77604e23\"\n                });\n            };\n            document.body.appendChild(script);\n        }\n    });\n<\/script>\t\t\t\t<\/div>\n\t\t\t\t<\/div>\n\t\t\t\t<\/div>\n\t\t\t\t<\/div>\n\t\t\t\t<\/div>\n\t\t\t\t<\/div>\n\t\t","protected":false},"excerpt":{"rendered":"<p>Contact Besoin d\u2019un renseignement ? Envie de discuter de la possibilit\u00e9 d\u2019une collaboration avec Trustable\u202f? Nous avons h\u00e2te d\u2019\u00e9changer avec vous !\u00a0 La plateforme d\u00e9di\u00e9e \u00e0 la ma\u00eetrise de votre risque cyber Notre mission\u202f: aider les organisations \u00e0 \u00e9valuer de la mani\u00e8re la plus fid\u00e8le \u00e0 la r\u00e9alit\u00e9, le niveau de cybers\u00e9curit\u00e9 de leur environnement [&hellip;]<\/p>\n","protected":false},"author":1,"featured_media":1263,"parent":0,"menu_order":0,"comment_status":"closed","ping_status":"closed","template":"elementor_header_footer","meta":{"_acf_changed":false,"content-type":"","footnotes":""},"class_list":["post-1202","page","type-page","status-publish","has-post-thumbnail","hentry"],"acf":[],"yoast_head":"<!-- This site is optimized with the Yoast SEO plugin v27.3 - https:\/\/yoast.com\/product\/yoast-seo-wordpress\/ -->\n<title>Contact-nous pour am\u00e9liorer votre s\u00e9curit\u00e9 cyber - Trustable<\/title>\n<meta name=\"description\" content=\"Besoin d\u2019informations ou d\u2019une consultation ? Contactez Trustable pour \u00e9changer avec nos experts et renforcer la s\u00e9curit\u00e9 de votre organisation.\" \/>\n<meta name=\"robots\" content=\"index, follow, max-snippet:-1, max-image-preview:large, max-video-preview:-1\" \/>\n<link rel=\"canonical\" href=\"https:\/\/trustable.fr\/en\/contact-trustable-solutions-cyber\/\" \/>\n<meta property=\"og:locale\" content=\"en_GB\" \/>\n<meta property=\"og:type\" content=\"article\" \/>\n<meta property=\"og:title\" content=\"Contact-nous pour am\u00e9liorer votre s\u00e9curit\u00e9 cyber - Trustable\" \/>\n<meta property=\"og:description\" content=\"Besoin d\u2019informations ou d\u2019une consultation ? Contactez Trustable pour \u00e9changer avec nos experts et renforcer la s\u00e9curit\u00e9 de votre organisation.\" \/>\n<meta property=\"og:url\" content=\"https:\/\/trustable.fr\/en\/contact-trustable-solutions-cyber\/\" \/>\n<meta property=\"og:site_name\" content=\"Trustable\" \/>\n<meta property=\"article:modified_time\" content=\"2026-04-09T10:30:17+00:00\" \/>\n<meta property=\"og:image\" content=\"https:\/\/trustable.fr\/wp-content\/uploads\/2024\/12\/Trustable-entre-en-phase-de-commercialisation.jpg\" \/>\n\t<meta property=\"og:image:width\" content=\"1920\" \/>\n\t<meta property=\"og:image:height\" content=\"1080\" \/>\n\t<meta property=\"og:image:type\" content=\"image\/jpeg\" \/>\n<meta name=\"twitter:card\" content=\"summary_large_image\" \/>\n<meta name=\"twitter:label1\" content=\"Estimated reading time\" \/>\n\t<meta name=\"twitter:data1\" content=\"1 minute\" \/>\n<script type=\"application\/ld+json\" class=\"yoast-schema-graph\">{\"@context\":\"https:\\\/\\\/schema.org\",\"@graph\":[{\"@type\":\"WebPage\",\"@id\":\"https:\\\/\\\/trustable.fr\\\/contact-trustable-solutions-cyber\\\/\",\"url\":\"https:\\\/\\\/trustable.fr\\\/contact-trustable-solutions-cyber\\\/\",\"name\":\"Contact-nous pour am\u00e9liorer votre s\u00e9curit\u00e9 cyber - Trustable\",\"isPartOf\":{\"@id\":\"https:\\\/\\\/trustable.fr\\\/#website\"},\"primaryImageOfPage\":{\"@id\":\"https:\\\/\\\/trustable.fr\\\/contact-trustable-solutions-cyber\\\/#primaryimage\"},\"image\":{\"@id\":\"https:\\\/\\\/trustable.fr\\\/contact-trustable-solutions-cyber\\\/#primaryimage\"},\"thumbnailUrl\":\"https:\\\/\\\/trustable.fr\\\/wp-content\\\/uploads\\\/2024\\\/12\\\/Trustable-entre-en-phase-de-commercialisation.jpg\",\"datePublished\":\"2024-12-16T13:56:28+00:00\",\"dateModified\":\"2026-04-09T10:30:17+00:00\",\"description\":\"Besoin d\u2019informations ou d\u2019une consultation ? Contactez Trustable pour \u00e9changer avec nos experts et renforcer la s\u00e9curit\u00e9 de votre organisation.\",\"breadcrumb\":{\"@id\":\"https:\\\/\\\/trustable.fr\\\/contact-trustable-solutions-cyber\\\/#breadcrumb\"},\"inLanguage\":\"en-GB\",\"potentialAction\":[{\"@type\":\"ReadAction\",\"target\":[\"https:\\\/\\\/trustable.fr\\\/contact-trustable-solutions-cyber\\\/\"]}]},{\"@type\":\"ImageObject\",\"inLanguage\":\"en-GB\",\"@id\":\"https:\\\/\\\/trustable.fr\\\/contact-trustable-solutions-cyber\\\/#primaryimage\",\"url\":\"https:\\\/\\\/trustable.fr\\\/wp-content\\\/uploads\\\/2024\\\/12\\\/Trustable-entre-en-phase-de-commercialisation.jpg\",\"contentUrl\":\"https:\\\/\\\/trustable.fr\\\/wp-content\\\/uploads\\\/2024\\\/12\\\/Trustable-entre-en-phase-de-commercialisation.jpg\",\"width\":1920,\"height\":1080,\"caption\":\"Trustable entre en phase de commercialisation\"},{\"@type\":\"BreadcrumbList\",\"@id\":\"https:\\\/\\\/trustable.fr\\\/contact-trustable-solutions-cyber\\\/#breadcrumb\",\"itemListElement\":[{\"@type\":\"ListItem\",\"position\":1,\"name\":\"Accueil\",\"item\":\"https:\\\/\\\/trustable.fr\\\/\"},{\"@type\":\"ListItem\",\"position\":2,\"name\":\"Contact-nous pour am\u00e9liorer votre s\u00e9curit\u00e9 cyber\"}]},{\"@type\":\"WebSite\",\"@id\":\"https:\\\/\\\/trustable.fr\\\/#website\",\"url\":\"https:\\\/\\\/trustable.fr\\\/\",\"name\":\"Trustable\",\"description\":\"Ma\u00eetrisez vos Risques Cyber et Conformit\u00e9 SWIFT\",\"publisher\":{\"@id\":\"https:\\\/\\\/trustable.fr\\\/#organization\"},\"alternateName\":\"Trustable\",\"potentialAction\":[{\"@type\":\"SearchAction\",\"target\":{\"@type\":\"EntryPoint\",\"urlTemplate\":\"https:\\\/\\\/trustable.fr\\\/?s={search_term_string}\"},\"query-input\":{\"@type\":\"PropertyValueSpecification\",\"valueRequired\":true,\"valueName\":\"search_term_string\"}}],\"inLanguage\":\"en-GB\"},{\"@type\":\"Organization\",\"@id\":\"https:\\\/\\\/trustable.fr\\\/#organization\",\"name\":\"Trustable\",\"alternateName\":\"Trustable\",\"url\":\"https:\\\/\\\/trustable.fr\\\/\",\"logo\":{\"@type\":\"ImageObject\",\"inLanguage\":\"en-GB\",\"@id\":\"https:\\\/\\\/trustable.fr\\\/#\\\/schema\\\/logo\\\/image\\\/\",\"url\":\"https:\\\/\\\/trustable.fr\\\/wp-content\\\/uploads\\\/2024\\\/12\\\/logo-trustable.png\",\"contentUrl\":\"https:\\\/\\\/trustable.fr\\\/wp-content\\\/uploads\\\/2024\\\/12\\\/logo-trustable.png\",\"width\":340,\"height\":100,\"caption\":\"Trustable\"},\"image\":{\"@id\":\"https:\\\/\\\/trustable.fr\\\/#\\\/schema\\\/logo\\\/image\\\/\"},\"sameAs\":[\"https:\\\/\\\/www.linkedin.com\\\/company\\\/trustable-cyber-expedition\\\/\"]}]}<\/script>\n<!-- \/ Yoast SEO plugin. -->","yoast_head_json":{"title":"Contact-nous pour am\u00e9liorer votre s\u00e9curit\u00e9 cyber - Trustable","description":"Besoin d\u2019informations ou d\u2019une consultation ? Contactez Trustable pour \u00e9changer avec nos experts et renforcer la s\u00e9curit\u00e9 de votre organisation.","robots":{"index":"index","follow":"follow","max-snippet":"max-snippet:-1","max-image-preview":"max-image-preview:large","max-video-preview":"max-video-preview:-1"},"canonical":"https:\/\/trustable.fr\/en\/contact-trustable-solutions-cyber\/","og_locale":"en_GB","og_type":"article","og_title":"Contact-nous pour am\u00e9liorer votre s\u00e9curit\u00e9 cyber - Trustable","og_description":"Besoin d\u2019informations ou d\u2019une consultation ? Contactez Trustable pour \u00e9changer avec nos experts et renforcer la s\u00e9curit\u00e9 de votre organisation.","og_url":"https:\/\/trustable.fr\/en\/contact-trustable-solutions-cyber\/","og_site_name":"Trustable","article_modified_time":"2026-04-09T10:30:17+00:00","og_image":[{"width":1920,"height":1080,"url":"https:\/\/trustable.fr\/wp-content\/uploads\/2024\/12\/Trustable-entre-en-phase-de-commercialisation.jpg","type":"image\/jpeg"}],"twitter_card":"summary_large_image","twitter_misc":{"Estimated reading time":"1 minute"},"schema":{"@context":"https:\/\/schema.org","@graph":[{"@type":"WebPage","@id":"https:\/\/trustable.fr\/contact-trustable-solutions-cyber\/","url":"https:\/\/trustable.fr\/contact-trustable-solutions-cyber\/","name":"Contact-nous pour am\u00e9liorer votre s\u00e9curit\u00e9 cyber - Trustable","isPartOf":{"@id":"https:\/\/trustable.fr\/#website"},"primaryImageOfPage":{"@id":"https:\/\/trustable.fr\/contact-trustable-solutions-cyber\/#primaryimage"},"image":{"@id":"https:\/\/trustable.fr\/contact-trustable-solutions-cyber\/#primaryimage"},"thumbnailUrl":"https:\/\/trustable.fr\/wp-content\/uploads\/2024\/12\/Trustable-entre-en-phase-de-commercialisation.jpg","datePublished":"2024-12-16T13:56:28+00:00","dateModified":"2026-04-09T10:30:17+00:00","description":"Besoin d\u2019informations ou d\u2019une consultation ? Contactez Trustable pour \u00e9changer avec nos experts et renforcer la s\u00e9curit\u00e9 de votre organisation.","breadcrumb":{"@id":"https:\/\/trustable.fr\/contact-trustable-solutions-cyber\/#breadcrumb"},"inLanguage":"en-GB","potentialAction":[{"@type":"ReadAction","target":["https:\/\/trustable.fr\/contact-trustable-solutions-cyber\/"]}]},{"@type":"ImageObject","inLanguage":"en-GB","@id":"https:\/\/trustable.fr\/contact-trustable-solutions-cyber\/#primaryimage","url":"https:\/\/trustable.fr\/wp-content\/uploads\/2024\/12\/Trustable-entre-en-phase-de-commercialisation.jpg","contentUrl":"https:\/\/trustable.fr\/wp-content\/uploads\/2024\/12\/Trustable-entre-en-phase-de-commercialisation.jpg","width":1920,"height":1080,"caption":"Trustable entre en phase de commercialisation"},{"@type":"BreadcrumbList","@id":"https:\/\/trustable.fr\/contact-trustable-solutions-cyber\/#breadcrumb","itemListElement":[{"@type":"ListItem","position":1,"name":"Accueil","item":"https:\/\/trustable.fr\/"},{"@type":"ListItem","position":2,"name":"Contact-nous pour am\u00e9liorer votre s\u00e9curit\u00e9 cyber"}]},{"@type":"WebSite","@id":"https:\/\/trustable.fr\/#website","url":"https:\/\/trustable.fr\/","name":"Trustable","description":"Ma\u00eetrisez vos Risques Cyber et Conformit\u00e9 SWIFT","publisher":{"@id":"https:\/\/trustable.fr\/#organization"},"alternateName":"Trustable","potentialAction":[{"@type":"SearchAction","target":{"@type":"EntryPoint","urlTemplate":"https:\/\/trustable.fr\/?s={search_term_string}"},"query-input":{"@type":"PropertyValueSpecification","valueRequired":true,"valueName":"search_term_string"}}],"inLanguage":"en-GB"},{"@type":"Organization","@id":"https:\/\/trustable.fr\/#organization","name":"Trustable","alternateName":"Trustable","url":"https:\/\/trustable.fr\/","logo":{"@type":"ImageObject","inLanguage":"en-GB","@id":"https:\/\/trustable.fr\/#\/schema\/logo\/image\/","url":"https:\/\/trustable.fr\/wp-content\/uploads\/2024\/12\/logo-trustable.png","contentUrl":"https:\/\/trustable.fr\/wp-content\/uploads\/2024\/12\/logo-trustable.png","width":340,"height":100,"caption":"Trustable"},"image":{"@id":"https:\/\/trustable.fr\/#\/schema\/logo\/image\/"},"sameAs":["https:\/\/www.linkedin.com\/company\/trustable-cyber-expedition\/"]}]}},"_links":{"self":[{"href":"https:\/\/trustable.fr\/en\/wp-json\/wp\/v2\/pages\/1202","targetHints":{"allow":["GET"]}}],"collection":[{"href":"https:\/\/trustable.fr\/en\/wp-json\/wp\/v2\/pages"}],"about":[{"href":"https:\/\/trustable.fr\/en\/wp-json\/wp\/v2\/types\/page"}],"author":[{"embeddable":true,"href":"https:\/\/trustable.fr\/en\/wp-json\/wp\/v2\/users\/1"}],"replies":[{"embeddable":true,"href":"https:\/\/trustable.fr\/en\/wp-json\/wp\/v2\/comments?post=1202"}],"version-history":[{"count":42,"href":"https:\/\/trustable.fr\/en\/wp-json\/wp\/v2\/pages\/1202\/revisions"}],"predecessor-version":[{"id":2185,"href":"https:\/\/trustable.fr\/en\/wp-json\/wp\/v2\/pages\/1202\/revisions\/2185"}],"wp:featuredmedia":[{"embeddable":true,"href":"https:\/\/trustable.fr\/en\/wp-json\/wp\/v2\/media\/1263"}],"wp:attachment":[{"href":"https:\/\/trustable.fr\/en\/wp-json\/wp\/v2\/media?parent=1202"}],"curies":[{"name":"wp","href":"https:\/\/api.w.org\/{rel}","templated":true}]}}